{"id":98,"date":"2011-07-20T20:47:43","date_gmt":"2011-07-20T18:47:43","guid":{"rendered":"http:\/\/metropoli.sterthaus.com\/?page_id=98"},"modified":"2021-08-31T14:17:42","modified_gmt":"2021-08-31T12:17:42","slug":"partner","status":"publish","type":"page","link":"https:\/\/metropoli.sterthaus.com\/?page_id=98","title":{"rendered":"Partner"},"content":{"rendered":"\n<p>Vielen Dank gilt auch all unseren Partnern die uns Tatkr\u00e4ftig unterst\u00fctzen und uns die M\u00f6glichkeit geben Projekte wachsen zu lassen.<\/p>\n<table width=\"100%\">\n<tbody>\n<tr>\n<td style=\"text-align: center; vertical-align: middle;\"><a href=\"https:\/\/eur.rheine.schule\/\" target=\"_blank\" rel=\"noopener\"><img decoding=\"async\" class=\"alignnone wp-image-774 size-medium\" title=\"Euregio Gesamtschule Rheine\" src=\"http:\/\/metropoli.sterthaus.com\/wp-content\/uploads\/2021\/08\/euregio_gesamt_logo.png\" alt=\"\" width=\"300\"><\/a>\n<p>&nbsp;<\/p>\n<p>Euregio Gesamtschule Rheine<br>Ludwigstra\u00dfe 37<br>48429 Rheine<br><a href=\"https:\/\/eur.rheine.schule\/\" target=\"_blank\" rel=\"noopener\">eur.rheine.schule<\/a><\/p>\n<p>Bericht der Euregio Gesamtschule: <br><a href=\"https:\/\/eur.rheine.schule\/alte-filmdosen-und-high-tech-kameras-euregio-schueler-als-praktikanten-im-metropoli-kino-fuer-kleine-leute\/2531\/\" target=\"_blank\" rel=\"noopener\">Alte Filmdosen und High-Tech-Kameras:<br> Euregio-Sch\u00fcler als Praktikanten<br> im Metropoli \u2013 Kino f\u00fcr kleine Leute<\/a><\/p>\n<\/td>\n<\/tr>\n<tr>\n<td style=\"text-align: center; vertical-align: middle;\"><a href=\"http:\/\/metropoli.sterthaus.com\/?attachment_id=2430\" rel=\"attachment wp-att-765\"><img loading=\"lazy\" decoding=\"async\" class=\" wp-image-2430 size-full aligncenter\" title=\"Hermann Willers Fotodesign\" src=\"http:\/\/metropoli.sterthaus.com\/wp-content\/uploads\/2011\/07\/willers1.jpg\" alt=\"\" width=\"266\" height=\"74\"><\/a>\n<p>&nbsp;<\/p>\n<p>Hermann Willers, Photograph<br>M\u00fcnsterstrasse 2b<br>48431 Rheine<br><a href=\"http:\/\/www.hermann-fotodesign.de\/\" target=\"_blank\" rel=\"noopener\">www.hermann-fotodesign.de<\/a><\/p>\n<\/td>\n<\/tr>\n<tr>\n<td style=\"text-align: center; vertical-align: middle;\"><a href=\"http:\/\/metropoli.sterthaus.com\/?attachment_id=760\" rel=\"attachment wp-att-760\"><img loading=\"lazy\" decoding=\"async\" class=\"alignnone wp-image-760 size-medium\" title=\"cinetech\" src=\"http:\/\/metropoli.sterthaus.com\/wp-content\/uploads\/2011\/07\/cinetech-300x47.jpg\" alt=\"\" width=\"300\" height=\"47\" srcset=\"https:\/\/metropoli.sterthaus.com\/wp-content\/uploads\/2011\/07\/cinetech-300x47.jpg 300w, https:\/\/metropoli.sterthaus.com\/wp-content\/uploads\/2011\/07\/cinetech.jpg 698w\" sizes=\"auto, (max-width: 300px) 100vw, 300px\" \/><\/a>\n<p>&nbsp;<\/p>\n<p>Cinetech das Erlebniskino<br>Surenburgstrasse 76<br>48429 Rheine<br>Tel.: 05971 961415<br><a href=\"http:\/\/cinetech.de\/kino\/home\/city20\" target=\"_blank\" rel=\"noopener\">www.cinetech.de<\/a><\/p>\n<\/td>\n<\/tr>\n<tr>\n<td style=\"text-align: center; vertical-align: middle;\"><a href=\"http:\/\/metropoli.sterthaus.com\/?attachment_id=771\" rel=\"attachment wp-att-771\"><img loading=\"lazy\" decoding=\"async\" class=\"alignnone wp-image-771 size-medium\" title=\"stadtarchiv\" src=\"http:\/\/metropoli.sterthaus.com\/wp-content\/uploads\/2011\/07\/stadtarchiv-300x68.gif\" alt=\"\" width=\"300\" height=\"68\" srcset=\"https:\/\/metropoli.sterthaus.com\/wp-content\/uploads\/2011\/07\/stadtarchiv-300x68.gif 300w, https:\/\/metropoli.sterthaus.com\/wp-content\/uploads\/2011\/07\/stadtarchiv.gif 339w\" sizes=\"auto, (max-width: 300px) 100vw, 300px\" \/><\/a>\n<p>&nbsp;<\/p>\n<p>Stadtarchiv Rheine<br>Matthias-Stra\u00dfe 37<br>48431 Rheine<br><a href=\"http:\/\/www.archive.nrw.de\/Kommunalarchive\/KommunalarchiveQ-T\/R\/Rheine\/index.html\" target=\"_blank\" rel=\"noopener\">www.archive.nrw.de<\/a><\/p>\n<\/td>\n<\/tr>\n<tr>\n<td style=\"text-align: center; vertical-align: middle;\"><a href=\"http:\/\/metropoli.sterthaus.com\/?attachment_id=767\" rel=\"attachment wp-att-767\"><img loading=\"lazy\" decoding=\"async\" class=\"alignnone wp-image-767 size-full\" title=\"lwl\" src=\"http:\/\/metropoli.sterthaus.com\/wp-content\/uploads\/2011\/07\/lwl.gif\" alt=\"\" width=\"139\" height=\"72\"><\/a>\n<p>&nbsp;<\/p>\n<p>LWL-Medienzentrum f\u00fcr Westfalen<br>F\u00fcrstenbergstra\u00dfe 14<br>48147 M\u00fcnster<br><a href=\"http:\/\/www.lwl.org\/LWL\/Kultur\/Landesmedienzentrum\/\" target=\"_blank\" rel=\"noopener\">www.lwl.org<\/a><\/p>\n<\/td>\n<\/tr>\n<tr>\n<td style=\"text-align: center; vertical-align: middle;\"><a href=\"http:\/\/metropoli.sterthaus.com\/?attachment_id=2803\" rel=\"attachment wp-att-2803\"><img loading=\"lazy\" decoding=\"async\" class=\"alignnone size-full wp-image-2803\" src=\"http:\/\/metropoli.sterthaus.com\/wp-content\/uploads\/2011\/07\/omnimago.jpg\" alt=\"omnimago\" width=\"260\" height=\"32\"><\/a>\n<p>&nbsp;<\/p>\n<p>OMNIMAGO GmbH<br>Konrad-Adenauer-Stra\u00dfe 42<br>55218 Ingelheim<br><a href=\"http:\/\/www.omnimago.tv\/\" target=\"_blank\" rel=\"noopener\">www.OMNIMAGO.TV<\/a><\/p>\n<\/td>\n<\/tr>\n<tr>\n<td style=\"text-align: center; vertical-align: middle;\"><a href=\"http:\/\/metropoli.sterthaus.com\/?attachment_id=3089\" rel=\"attachment wp-att-3089\"><img decoding=\"async\" class=\"alignnone size-full wp-image-2803\" src=\"http:\/\/metropoli.sterthaus.com\/wp-content\/uploads\/2011\/07\/haus_der_geschichte_wittenberg.png\" alt=\"haus der geschichte\" width=\"360\"><\/a>\n<p>&nbsp;<\/p>\n<p>Haus der Geschichte<br>Schlossstra\u00dfe 6<br>06886 Lutherstadt Wittenberg<br><a href=\"http:\/\/www.pflug-ev.de\/\" target=\"_blank\" rel=\"noopener\">www.pflug-ev.de<\/a><\/p>\n<\/td>\n<\/tr>\n<tr>\n<td style=\"text-align: center; vertical-align: middle;\"><a href=\"http:\/\/metropoli.sterthaus.com\/?attachment_id=763\" rel=\"attachment wp-att-763\"><img loading=\"lazy\" decoding=\"async\" class=\"alignnone wp-image-763 \" title=\"filmmuseum_duesseldorf\" src=\"http:\/\/metropoli.sterthaus.com\/wp-content\/uploads\/2011\/07\/filmmuseum_duesseldorf-300x49.gif\" alt=\"\" width=\"300\" height=\"49\" srcset=\"https:\/\/metropoli.sterthaus.com\/wp-content\/uploads\/2011\/07\/filmmuseum_duesseldorf-300x49.gif 300w, https:\/\/metropoli.sterthaus.com\/wp-content\/uploads\/2011\/07\/filmmuseum_duesseldorf.gif 440w\" sizes=\"auto, (max-width: 300px) 100vw, 300px\" \/><\/a>\n<p>&nbsp;<\/p>\n<p>Filmmuseum Landeshauptstadt D\u00fcsseldorf<br>Schulstra\u00dfe 4<br>40213 D\u00fcsseldorf<br><a href=\"http:\/\/www.duesseldorf.de\/kultur\/filmmuseum\/\" target=\"_blank\" rel=\"noopener\">www.duesseldorf.de\/kultur\/filmmuseum\/<\/a><\/p>\n<\/td>\n<\/tr>\n<tr>\n<td style=\"text-align: center; vertical-align: middle;\"><a href=\"http:\/\/metropoli.sterthaus.com\/?attachment_id=772\" rel=\"attachment wp-att-772\"><img loading=\"lazy\" decoding=\"async\" class=\"alignnone wp-image-772 size-medium\" title=\"tcroddeigels\" src=\"http:\/\/metropoli.sterthaus.com\/wp-content\/uploads\/2011\/07\/tcroddeigels-300x90.jpg\" alt=\"\" width=\"300\" height=\"90\" srcset=\"https:\/\/metropoli.sterthaus.com\/wp-content\/uploads\/2011\/07\/tcroddeigels-300x90.jpg 300w, https:\/\/metropoli.sterthaus.com\/wp-content\/uploads\/2011\/07\/tcroddeigels.jpg 698w\" sizes=\"auto, (max-width: 300px) 100vw, 300px\" \/><\/a>\n<p>&nbsp;<\/p>\n<p>TC &#8222;Rodde Igels&#8220; e.V.<br><a href=\"http:\/\/www.tc-rodde-igels.de\/\" target=\"_blank\" rel=\"noopener\">www.tc-rodde-igels.de<\/a><\/p>\n<\/td>\n<\/tr>\n<tr>\n<td style=\"text-align: center; vertical-align: middle;\"><a href=\"http:\/\/metropoli.sterthaus.com\/?attachment_id=764\" rel=\"attachment wp-att-764\"><img loading=\"lazy\" decoding=\"async\" class=\"alignnone wp-image-764 \" title=\"heimatvereinrheine\" src=\"http:\/\/metropoli.sterthaus.com\/wp-content\/uploads\/2011\/07\/heimatvereinrheine-300x43.jpg\" alt=\"\" width=\"300\" height=\"43\" srcset=\"https:\/\/metropoli.sterthaus.com\/wp-content\/uploads\/2011\/07\/heimatvereinrheine-300x43.jpg 300w, https:\/\/metropoli.sterthaus.com\/wp-content\/uploads\/2011\/07\/heimatvereinrheine.jpg 698w\" sizes=\"auto, (max-width: 300px) 100vw, 300px\" \/><\/a>\n<p>&nbsp;<\/p>\n<p>Heimatverein Rheine 1877 e.V.<br>Willibrordstr. 21<br>48429 Rheine<br><a href=\"http:\/\/www.heimatverein-rheine.de\/\" target=\"_blank\" rel=\"noopener\">www.heimatverein-rheine.de<\/a><\/p>\n<\/td>\n<\/tr>\n<tr>\n<td style=\"text-align: center; vertical-align: middle;\"><a href=\"http:\/\/metropoli.sterthaus.com\/?attachment_id=855\" rel=\"attachment wp-att-855\"><img loading=\"lazy\" decoding=\"async\" class=\"alignnone wp-image-855 size-medium\" title=\"bjvenus-logo.png\" src=\"http:\/\/metropoli.sterthaus.com\/wp-content\/uploads\/2011\/07\/bjvenus-logo.png-300x30.jpg\" alt=\"\" width=\"300\" height=\"30\" srcset=\"https:\/\/metropoli.sterthaus.com\/wp-content\/uploads\/2011\/07\/bjvenus-logo.png-300x30.jpg 300w, https:\/\/metropoli.sterthaus.com\/wp-content\/uploads\/2011\/07\/bjvenus-logo.png.jpg 800w\" sizes=\"auto, (max-width: 300px) 100vw, 300px\" \/><\/a>\n<p>&nbsp;<\/p>\n<p>Oldie-Stammtisch M\u00fcnsterland<br>Rudi Korthues<br>Steinfurter Str. 27<br>48429 Rheine<br>Tel.: 05971 15525<br><a href=\"http:\/\/www.oldie-stammtisch.de\" target=\"_blank\" rel=\"noopener\">www.oldie-stammtisch.de<\/a><\/p>\n<\/td>\n<\/tr>\n<tr>\n<td style=\"text-align: center; vertical-align: middle;\"><a href=\"http:\/\/metropoli.sterthaus.com\/?attachment_id=2368\" rel=\"attachment wp-att-2368\"><img loading=\"lazy\" decoding=\"async\" class=\"aligncenter wp-image-2368 size-medium\" title=\"bjvenus-logo.png\" src=\"http:\/\/metropoli.sterthaus.com\/wp-content\/uploads\/2011\/07\/Ortsverband-Rheine-1-300x116.jpg\" alt=\"\" width=\"300\" height=\"116\" srcset=\"https:\/\/metropoli.sterthaus.com\/wp-content\/uploads\/2011\/07\/Ortsverband-Rheine-1-300x116.jpg 300w, https:\/\/metropoli.sterthaus.com\/wp-content\/uploads\/2011\/07\/Ortsverband-Rheine-1.jpg 800w\" sizes=\"auto, (max-width: 300px) 100vw, 300px\" \/><\/a>Deutscher KinderschutzbundOrtsverband Rheine e.V.<br>An der Stadtmauer 9<br>48431 Rheine<br>Tel.: 05971 914390<br><a href=\"http:\/\/www.dksbrh.de\" target=\"_blank\" rel=\"noopener\">www.dksbrh.de<\/a><\/td>\n<\/tr>\n<tr>\n<td style=\"text-align: center; vertical-align: middle;\"><a href=\"https:\/\/metropoli.sterthaus.com\/wp-content\/uploads\/2018\/04\/kinotechnischne_sammlung_hi.jpg\"><img loading=\"lazy\" decoding=\"async\" class=\"aligncenter size-full wp-image-3264\" src=\"https:\/\/metropoli.sterthaus.com\/wp-content\/uploads\/2018\/04\/kinotechnischne_sammlung_hi.jpg\" alt=\"\" width=\"500\" height=\"132\" srcset=\"https:\/\/metropoli.sterthaus.com\/wp-content\/uploads\/2018\/04\/kinotechnischne_sammlung_hi.jpg 500w, https:\/\/metropoli.sterthaus.com\/wp-content\/uploads\/2018\/04\/kinotechnischne_sammlung_hi-300x79.jpg 300w\" sizes=\"auto, (max-width: 500px) 100vw, 500px\" \/><\/a>Kinotechnische Sammlung Dr. Heinz Dobelmann e.V.<br>Langenstr. 21<br>49624 L\u00f6ningen<br>Tel.: 05432 5958238<br><a href=\"http:\/\/www.historische-kinotechnik.de\/\" target=\"_blank\" rel=\"noopener\">www.historische-kinotechnik.de<\/a><\/td>\n<\/tr>\n<\/tbody>\n<\/table>\n","protected":false},"excerpt":{"rendered":"<p>Vielen Dank gilt auch all unseren Partnern die uns Tatkr\u00e4ftig unterst\u00fctzen und uns die M\u00f6glichkeit geben Projekte wachsen zu lassen. &nbsp; Euregio Gesamtschule RheineLudwigstra\u00dfe 3748429 Rheineeur.rheine.schule Bericht der Euregio Gesamtschule: Alte Filmdosen und High-Tech-Kameras: Euregio-Sch\u00fcler als Praktikanten im Metropoli \u2013 Kino f\u00fcr kleine Leute &nbsp; Hermann Willers, PhotographM\u00fcnsterstrasse 2b48431 Rheinewww.hermann-fotodesign.de &nbsp; Cinetech das ErlebniskinoSurenburgstrasse 7648429 [&hellip;]<\/p>\n","protected":false},"author":1,"featured_media":0,"parent":0,"menu_order":5,"comment_status":"closed","ping_status":"closed","template":"","meta":{"footnotes":"","_links_to":"","_links_to_target":""},"class_list":["post-98","page","type-page","status-publish","hentry"],"_links":{"self":[{"href":"https:\/\/metropoli.sterthaus.com\/index.php?rest_route=\/wp\/v2\/pages\/98","targetHints":{"allow":["GET"]}}],"collection":[{"href":"https:\/\/metropoli.sterthaus.com\/index.php?rest_route=\/wp\/v2\/pages"}],"about":[{"href":"https:\/\/metropoli.sterthaus.com\/index.php?rest_route=\/wp\/v2\/types\/page"}],"author":[{"embeddable":true,"href":"https:\/\/metropoli.sterthaus.com\/index.php?rest_route=\/wp\/v2\/users\/1"}],"replies":[{"embeddable":true,"href":"https:\/\/metropoli.sterthaus.com\/index.php?rest_route=%2Fwp%2Fv2%2Fcomments&post=98"}],"version-history":[{"count":54,"href":"https:\/\/metropoli.sterthaus.com\/index.php?rest_route=\/wp\/v2\/pages\/98\/revisions"}],"predecessor-version":[{"id":3907,"href":"https:\/\/metropoli.sterthaus.com\/index.php?rest_route=\/wp\/v2\/pages\/98\/revisions\/3907"}],"wp:attachment":[{"href":"https:\/\/metropoli.sterthaus.com\/index.php?rest_route=%2Fwp%2Fv2%2Fmedia&parent=98"}],"curies":[{"name":"wp","href":"https:\/\/api.w.org\/{rel}","templated":true}]}}