{"id":17,"date":"2011-07-20T08:39:08","date_gmt":"2011-07-20T06:39:08","guid":{"rendered":"http:\/\/metropoli.sterthaus.com\/?page_id=17"},"modified":"2011-07-26T13:41:52","modified_gmt":"2011-07-26T11:41:52","slug":"historie","status":"publish","type":"page","link":"https:\/\/metropoli.sterthaus.com\/?page_id=17","title":{"rendered":"Historie"},"content":{"rendered":"<p><strong>Die Entstehung<\/strong><\/p>\n<p>Liebe Filmfreunde, seit 1978 bin ich dem Zelluloidfilm verbunden. Mit dem Abriss des Metropol- Lichtspieltheaters in Rheine im April 2001 fand ich eine interessante Kombination zwischen meinem bestehenden Hobby und der Rheiner Film und Kinogeschichte.<\/p>\n<p>Im Stadtarchiv Rheine erfuhr ich, dass es zu dem Zeitpunkt keine erarbeitete Chronik zur Film &#8211; und Kinogeschichte unserer Stadt gab. Eine wundervolle Herausforderung stand bevor.<\/p>\n<p>Mit Hilfe durch Stadtarchivar Dr. Thomas Giessmann begann der erste Schritt. Unerm\u00fcdliche Gespr\u00e4che mit Zeitzeugen machten bald deutlich, Rheine war einmal eine interessante Kinostadt. Als das 1. deutsche Fernsehen am 25. Dezember 1952 mit dem Fernsehspiel \u201estille Nacht, heilige Nacht\u201c die deutschen Wohnzimmer eroberte, war das Kino noch ein beliebter und geselliger Treffpunkt. Immerhin konnten die Kinos\u00e4le zwischen 1960 und 1962 f\u00fcr ca. 44000 Einwohner in Stadt und Amt Rheine 4060 Kinopl\u00e4tze anbieten.<\/p>\n<p>Die Zeiten \u00e4nderten sich mit dem wachsenden Wohlstand. Inzwischen feierten wir im Oktober 2003, 100 Jahre Kino in Rheine. Heinrich Cordesmeyer er\u00f6ffnete bereits 1903 sein erstes Saalkino in Rheine. Auf der Suche nach Informationen fanden sich auch zahlreiche Gegenst\u00e4nde, die einst zur Ausstattung und Einrichtung Rheiner Kinos geh\u00f6rten. Die Idee, ein kleines Kinomuseum einzurichten, entwickelte sich mit der Begeisterung und Aufmerksamkeit vieler B\u00fcrger unserer Stadt.<\/p>\n<p>April 2005: Unter dem Namen \u201eMetropoli\u201c Kino f\u00fcr kleine Leute, ist die Sammlung, die sich im Privatbesitz befindet, weit \u00fcber die Stadtgrenzen bekannt und hat zahlreiche Anh\u00e4nger und Freunde gefunden. M\u00f6chten Sie weitere Informationen? Klicken Sie hier Das Metropoli und seine Besucher.<\/p>\n<div><strong>Die Film AG Rheine<\/strong><\/div>\n<p>Am 19. April 2004 trafen sich im Metropoli interessierte Fachleute aus Rheiner Kultur, Stadtarchiv, Kinos und Filmclubs. Stimmungsvolle Gespr\u00e4che \u00fcber Film und Zeitgeschichte machten den Wert dieser Historie besonders deutlich. Dieser Tag ist heute als das Gr\u00fcndertreffen zum Metropoli Arbeitskreis historischer Filmdokumente zu nennen.<\/p>\n<ul>\n<li>Dr. Volker Jakob vom Westf.- Landesmedienzentrum in M\u00fcnster<\/li>\n<li>Frau Ute Ehrenberg, Kulturdezernentin der Stadt- Rheine<\/li>\n<li>Joachim Strickerschmidt vom Metropoli Film- AG historischer Filmdokumente<\/li>\n<li>Frau Gudrun Kenning, Museumsp\u00e4dagogin der st\u00e4dtischen Museen Rheine<\/li>\n<li>Frau Dr. Christiane Kerrutt, wissenschaftliche Mitarbeiterin im Falkenhofmuseum Rheine<\/li>\n<li>Stadtarchivar Dr. Thomas Giessmann<\/li>\n<\/ul>\n<p>Einmal monatlich trifft sich die Film-AG f\u00fcr jeweils vier Stunden. Pr\u00fcfend wird jedes Filmformat gesichtet, bewertet und chronologisch in einer geordneten Reihenfolge erfasst. Im Stammtisch diskutiert man anschlie\u00dfend \u00fcber das gesehene Filmmaterial.\n\t\t<style type=\"text\/css\">\n\t\t\t#gallery-1 {\n\t\t\t\tmargin: auto;\n\t\t\t}\n\t\t\t#gallery-1 .gallery-item {\n\t\t\t\tfloat: left;\n\t\t\t\tmargin-top: 10px;\n\t\t\t\ttext-align: center;\n\t\t\t\twidth: 33%;\n\t\t\t}\n\t\t\t#gallery-1 img {\n\t\t\t\tborder: 2px solid #cfcfcf;\n\t\t\t}\n\t\t\t#gallery-1 .gallery-caption {\n\t\t\t\tmargin-left: 0;\n\t\t\t}\n\t\t\t\/* see gallery_shortcode() in wp-includes\/media.php *\/\n\t\t<\/style>\n\t\t<div id='gallery-1' class='gallery galleryid-17 gallery-columns-3 gallery-size-thumbnail'><dl class='gallery-item'>\n\t\t\t<dt class='gallery-icon landscape'>\n\t\t\t\t<a href='https:\/\/metropoli.sterthaus.com\/?attachment_id=795'><img loading=\"lazy\" decoding=\"async\" width=\"150\" height=\"150\" src=\"https:\/\/metropoli.sterthaus.com\/wp-content\/uploads\/2011\/07\/image13-150x150.jpg\" class=\"attachment-thumbnail size-thumbnail\" alt=\"\" \/><\/a>\n\t\t\t<\/dt><\/dl><dl class='gallery-item'>\n\t\t\t<dt class='gallery-icon landscape'>\n\t\t\t\t<a href='https:\/\/metropoli.sterthaus.com\/?attachment_id=796'><img loading=\"lazy\" decoding=\"async\" width=\"150\" height=\"150\" src=\"https:\/\/metropoli.sterthaus.com\/wp-content\/uploads\/2011\/07\/image22-150x150.jpg\" class=\"attachment-thumbnail size-thumbnail\" alt=\"\" \/><\/a>\n\t\t\t<\/dt><\/dl><dl class='gallery-item'>\n\t\t\t<dt class='gallery-icon landscape'>\n\t\t\t\t<a href='https:\/\/metropoli.sterthaus.com\/?attachment_id=797'><img loading=\"lazy\" decoding=\"async\" width=\"150\" height=\"150\" src=\"https:\/\/metropoli.sterthaus.com\/wp-content\/uploads\/2011\/07\/image32-150x150.jpg\" class=\"attachment-thumbnail size-thumbnail\" alt=\"\" \/><\/a>\n\t\t\t<\/dt><\/dl><br style=\"clear: both\" \/><dl class='gallery-item'>\n\t\t\t<dt class='gallery-icon landscape'>\n\t\t\t\t<a href='https:\/\/metropoli.sterthaus.com\/?attachment_id=798'><img loading=\"lazy\" decoding=\"async\" width=\"150\" height=\"150\" src=\"https:\/\/metropoli.sterthaus.com\/wp-content\/uploads\/2011\/07\/image41-150x150.jpg\" class=\"attachment-thumbnail size-thumbnail\" alt=\"\" \/><\/a>\n\t\t\t<\/dt><\/dl><dl class='gallery-item'>\n\t\t\t<dt class='gallery-icon landscape'>\n\t\t\t\t<a href='https:\/\/metropoli.sterthaus.com\/?attachment_id=799'><img loading=\"lazy\" decoding=\"async\" width=\"150\" height=\"150\" src=\"https:\/\/metropoli.sterthaus.com\/wp-content\/uploads\/2011\/07\/image51-150x150.jpg\" class=\"attachment-thumbnail size-thumbnail\" alt=\"\" \/><\/a>\n\t\t\t<\/dt><\/dl>\n\t\t\t<br style='clear: both' \/>\n\t\t<\/div>\n<\/p>\n","protected":false},"excerpt":{"rendered":"<p>Die Entstehung Liebe Filmfreunde, seit 1978 bin ich dem Zelluloidfilm verbunden. Mit dem Abriss des Metropol- Lichtspieltheaters in Rheine im April 2001 fand ich eine interessante Kombination zwischen meinem bestehenden Hobby und der Rheiner Film und Kinogeschichte. Im Stadtarchiv Rheine erfuhr ich, dass es zu dem Zeitpunkt keine erarbeitete Chronik zur Film &#8211; und Kinogeschichte [&hellip;]<\/p>\n","protected":false},"author":1,"featured_media":0,"parent":0,"menu_order":3,"comment_status":"closed","ping_status":"closed","template":"","meta":{"footnotes":"","_links_to":"","_links_to_target":""},"class_list":["post-17","page","type-page","status-publish","hentry"],"_links":{"self":[{"href":"https:\/\/metropoli.sterthaus.com\/index.php?rest_route=\/wp\/v2\/pages\/17","targetHints":{"allow":["GET"]}}],"collection":[{"href":"https:\/\/metropoli.sterthaus.com\/index.php?rest_route=\/wp\/v2\/pages"}],"about":[{"href":"https:\/\/metropoli.sterthaus.com\/index.php?rest_route=\/wp\/v2\/types\/page"}],"author":[{"embeddable":true,"href":"https:\/\/metropoli.sterthaus.com\/index.php?rest_route=\/wp\/v2\/users\/1"}],"replies":[{"embeddable":true,"href":"https:\/\/metropoli.sterthaus.com\/index.php?rest_route=%2Fwp%2Fv2%2Fcomments&post=17"}],"version-history":[{"count":11,"href":"https:\/\/metropoli.sterthaus.com\/index.php?rest_route=\/wp\/v2\/pages\/17\/revisions"}],"predecessor-version":[{"id":899,"href":"https:\/\/metropoli.sterthaus.com\/index.php?rest_route=\/wp\/v2\/pages\/17\/revisions\/899"}],"wp:attachment":[{"href":"https:\/\/metropoli.sterthaus.com\/index.php?rest_route=%2Fwp%2Fv2%2Fmedia&parent=17"}],"curies":[{"name":"wp","href":"https:\/\/api.w.org\/{rel}","templated":true}]}}