{"id":102,"date":"2011-07-20T20:49:06","date_gmt":"2011-07-20T18:49:06","guid":{"rendered":"http:\/\/metropoli.sterthaus.com\/?page_id=102"},"modified":"2016-10-03T12:39:49","modified_gmt":"2016-10-03T10:39:49","slug":"filmtechnik","status":"publish","type":"page","link":"https:\/\/metropoli.sterthaus.com\/?page_id=102","title":{"rendered":"Filmtechnik"},"content":{"rendered":"<div id=\"attachment_788\" style=\"width: 160px\" class=\"wp-caption alignleft\"><a href=\"http:\/\/metropoli.sterthaus.com\/?attachment_id=788\" rel=\"attachment wp-att-788\"><img loading=\"lazy\" decoding=\"async\" aria-describedby=\"caption-attachment-788\" class=\"size-thumbnail wp-image-788\" title=\"image2\" src=\"http:\/\/metropoli.sterthaus.com\/wp-content\/uploads\/2011\/07\/image21-150x150.jpg\" alt=\"\" width=\"150\" height=\"150\" \/><\/a><p id=\"caption-attachment-788\" class=\"wp-caption-text\">Heinz Schulte<\/p><\/div>\n<p>Heinz Schulte, seit 1978 dem Zelluloid treu geblieben, pflegt jeden Zentimeter Film. Ob f\u00fcr die digitale Filmabtastung oder Archivierung, jeder Filmstreifen hat so seine Eigenarten . Manchmal braucht man viel Geduld. So mancher alter und geschrumpfter Film wurde hier schon restauriert und danach konserviert.<\/p>\n<p>&nbsp;<\/p>\n<p>&nbsp;<\/p>\n<div id=\"attachment_787\" style=\"width: 160px\" class=\"wp-caption alignleft\"><a href=\"http:\/\/metropoli.sterthaus.com\/?attachment_id=787\" rel=\"attachment wp-att-787\"><img loading=\"lazy\" decoding=\"async\" aria-describedby=\"caption-attachment-787\" class=\"size-thumbnail wp-image-787\" title=\"image1\" src=\"http:\/\/metropoli.sterthaus.com\/wp-content\/uploads\/2011\/07\/image12-150x150.jpg\" alt=\"\" width=\"150\" height=\"150\" \/><\/a><p id=\"caption-attachment-787\" class=\"wp-caption-text\">Joachim Strickerschmidt<\/p><\/div>\n<p>Joachim Strickerschmidt ist seit 1975 ein Filmer aus Leidenschaft. Er geh\u00f6rt zum Metropoli Arbeitskreis historischer Filmdokumente und ist unser Spezialist f\u00fcr digitale Filmbearbeitungen.<\/p>\n<p>&nbsp;<\/p>\n<p>&nbsp;<\/p>\n<p>&nbsp;<\/p>\n<p>&nbsp;<\/p>\n<div id=\"attachment_789\" style=\"width: 160px\" class=\"wp-caption alignleft\"><a href=\"http:\/\/metropoli.sterthaus.com\/?attachment_id=789\" rel=\"attachment wp-att-789\"><img loading=\"lazy\" decoding=\"async\" aria-describedby=\"caption-attachment-789\" class=\"size-thumbnail wp-image-789\" title=\"image3\" src=\"http:\/\/metropoli.sterthaus.com\/wp-content\/uploads\/2011\/07\/image31-150x150.jpg\" alt=\"\" width=\"150\" height=\"150\" \/><\/a><p id=\"caption-attachment-789\" class=\"wp-caption-text\">G-K Film Klose in Bielefeld<\/p><\/div>\n<p>Joachim Strickerschmidt und Heinz Schulte bei G-K Film Klose in Bielefeld. Gotfried Klose (links im Bild) hilft gern, auch wenns schwierig wird. Wir k\u00f6nnen Gotfried Klose mit seinen Technikern bestens empfehlen.<\/p>\n<p>&nbsp;<\/p>\n<p>&nbsp;<\/p>\n<p>&nbsp;<\/p>\n<p>&nbsp;<\/p>\n<div id=\"attachment_2794\" style=\"width: 160px\" class=\"wp-caption alignleft\"><a href=\"http:\/\/metropoli.sterthaus.com\/?attachment_id=2794\" rel=\"attachment wp-att-2794\"><img loading=\"lazy\" decoding=\"async\" aria-describedby=\"caption-attachment-2794\" src=\"http:\/\/metropoli.sterthaus.com\/wp-content\/uploads\/2016\/10\/Besuch-bei-Omnimago-in-Ingelheim-3-150x150.jpg\" alt=\"Olaf Legenbauer erkl\u00e4rte die Funktion zur Filmdigitalisierung der Full `HD Digital Film Technology, die eine Aufl\u00f6sung bis zu vollen 4K, 16 Bit erm\u00f6glicht.\" width=\"150\" height=\"150\" class=\"size-thumbnail wp-image-2794\" \/><\/a><p id=\"caption-attachment-2794\" class=\"wp-caption-text\">Filmdigitalisierung der &#8222;Full HD Digital Film Technology&#8220;, die eine Aufl\u00f6sung bis zu vollen 4K, 16 Bit erm\u00f6glicht.<\/p><\/div>\n<p>Filmabtastungen haben ihren Preis. Qualit\u00e4t und Sorgfalt sind uns besonders wichtig. Heinz Schulte zu Besuch bei der OMNIMAGO GmbH in Ingelheim. Olaf Legenbauer ist technischer Leiter und erkl\u00e4rt die Funktion der FULL HD Filmdigitalsierung. <\/p>\n","protected":false},"excerpt":{"rendered":"<p>Heinz Schulte, seit 1978 dem Zelluloid treu geblieben, pflegt jeden Zentimeter Film. Ob f\u00fcr die digitale Filmabtastung oder Archivierung, jeder Filmstreifen hat so seine Eigenarten . Manchmal braucht man viel Geduld. So mancher alter und geschrumpfter Film wurde hier schon restauriert und danach konserviert. &nbsp; &nbsp; Joachim Strickerschmidt ist seit 1975 ein Filmer aus Leidenschaft. [&hellip;]<\/p>\n","protected":false},"author":1,"featured_media":0,"parent":0,"menu_order":2,"comment_status":"closed","ping_status":"closed","template":"","meta":{"footnotes":"","_links_to":"","_links_to_target":""},"class_list":["post-102","page","type-page","status-publish","hentry"],"_links":{"self":[{"href":"https:\/\/metropoli.sterthaus.com\/index.php?rest_route=\/wp\/v2\/pages\/102","targetHints":{"allow":["GET"]}}],"collection":[{"href":"https:\/\/metropoli.sterthaus.com\/index.php?rest_route=\/wp\/v2\/pages"}],"about":[{"href":"https:\/\/metropoli.sterthaus.com\/index.php?rest_route=\/wp\/v2\/types\/page"}],"author":[{"embeddable":true,"href":"https:\/\/metropoli.sterthaus.com\/index.php?rest_route=\/wp\/v2\/users\/1"}],"replies":[{"embeddable":true,"href":"https:\/\/metropoli.sterthaus.com\/index.php?rest_route=%2Fwp%2Fv2%2Fcomments&post=102"}],"version-history":[{"count":9,"href":"https:\/\/metropoli.sterthaus.com\/index.php?rest_route=\/wp\/v2\/pages\/102\/revisions"}],"predecessor-version":[{"id":2806,"href":"https:\/\/metropoli.sterthaus.com\/index.php?rest_route=\/wp\/v2\/pages\/102\/revisions\/2806"}],"wp:attachment":[{"href":"https:\/\/metropoli.sterthaus.com\/index.php?rest_route=%2Fwp%2Fv2%2Fmedia&parent=102"}],"curies":[{"name":"wp","href":"https:\/\/api.w.org\/{rel}","templated":true}]}}